{"id":346,"date":"2025-02-02T09:12:00","date_gmt":"2025-02-02T09:12:00","guid":{"rendered":"https:\/\/odzastal.zgora.pl\/?page_id=346"},"modified":"2025-02-12T14:39:52","modified_gmt":"2025-02-12T14:39:52","slug":"o-nas","status":"publish","type":"page","link":"https:\/\/odzastal.zgora.pl\/?page_id=346","title":{"rendered":"Kilka s\u0142\u00f3w o orkiestrze"},"content":{"rendered":"\n<div class=\"wp-block-group alignfull has-background has-global-padding is-layout-constrained wp-container-core-group-is-layout-3f1975d5 wp-block-group-is-layout-constrained\" style=\"background-color:#e2e9e4;margin-top:0;margin-bottom:0;padding-top:var(--wp--preset--spacing--medium);padding-right:var(--wp--preset--spacing--x-small);padding-bottom:var(--wp--preset--spacing--medium);padding-left:var(--wp--preset--spacing--x-small)\">\n<figure class=\"wp-block-image aligncenter size-full has-custom-border is-style-rounded\"><img decoding=\"async\" width=\"1106\" height=\"447\" data-src=\"https:\/\/odzastal.zgora.pl\/wp-content\/uploads\/2025\/02\/od-zastal-planet-03-prost.jpg\" alt=\"\" class=\"has-border-color has-primary-border-color wp-image-542 lazyload\" style=\"--smush-placeholder-width: 1106px; --smush-placeholder-aspect-ratio: 1106\/447;border-width:3px;border-radius:20px\" data-srcset=\"https:\/\/odzastal.zgora.pl\/wp-content\/uploads\/2025\/02\/od-zastal-planet-03-prost.jpg 1106w, https:\/\/odzastal.zgora.pl\/wp-content\/uploads\/2025\/02\/od-zastal-planet-03-prost-300x121.jpg 300w, https:\/\/odzastal.zgora.pl\/wp-content\/uploads\/2025\/02\/od-zastal-planet-03-prost-1024x414.jpg 1024w, https:\/\/odzastal.zgora.pl\/wp-content\/uploads\/2025\/02\/od-zastal-planet-03-prost-768x310.jpg 768w\" data-sizes=\"(max-width: 1106px) 100vw, 1106px\" src=\"data:image\/svg+xml;base64,PHN2ZyB3aWR0aD0iMSIgaGVpZ2h0PSIxIiB4bWxucz0iaHR0cDovL3d3dy53My5vcmcvMjAwMC9zdmciPjwvc3ZnPg==\" \/><\/figure>\n\n\n\n<p>Jeste\u015bmy najstarsz\u0105, stale dzia\u0142aj\u0105c\u0105 orkiestr\u0105 d\u0119t\u0105 w powojennej historii Zielonej G\u00f3ry. Obecnie zesp\u00f3\u0142 liczy prawie 40 os\u00f3b w r\u00f3\u017cnym wieku. Przewa\u017ca \u201em\u0142odzie\u017c starsza\u201d, zwykle s\u0105 to osoby w wieku 30 \u2013 70 lat (ale s\u0105 tak\u017ce nastolatkowie i seniorzy), kt\u00f3rych jednoczy wsp\u00f3lna pasja do grania. Jeste\u015bmy osobami r\u00f3\u017cnych zawod\u00f3w i skupiamy muzyk\u00f3w nie tylko z Zielonej G\u00f3ry.<\/p>\n\n\n\n<p>Wielu cz\u0142onk\u00f3w ma sta\u017c licz\u0105cy nawet ponad 45 lat. Muzycy spotykaj\u0105 si\u0119 raz w tygodniu, we wtorki, aby \u0107wiczy\u0107 i doskonali\u0107 swoje umiej\u0119tno\u015bci podczas dwugodzinnych pr\u00f3b. G\u0142\u00f3wna sala \u0107wicze\u0144, od lat znajduje si\u0119 na terenie historycznej cz\u0119\u015bci dawnego Zastalu. Tam wi\u0119c, mimo r\u00f3\u017cnych trudno\u015bci m.in. z ogrzewaniem, orkiestra, prawie jak na Titanicu, nadal gra, ale zaton\u0105\u0107 absolutnie nie zamierza.<\/p>\n\n\n\n<p class=\"has-primary-color has-text-color has-link-color has-xx-large-font-size wp-elements-0b9423db3e170aa4d6f6d1cdd691e098\"><strong>WYNAJMIJ NAS<\/strong><\/p>\n\n\n\n<p>Nasz zesp\u00f3\u0142 mo\u017ce u\u015bwietni\u0107 wasze wydarzenie koncertem, jako typowa orkiestra koncertowa. Raczej unikamy przemarsz\u00f3w, ale je\u015bli by\u0142by w miar\u0119 kr\u00f3tki (mamy u nas te\u017c senior\u00f3w), to mo\u017cemy tak\u017ce pogra\u0107 podczas marszu. Napisz lub zadzwo\u0144 do nas.<\/p>\n\n\n\n<p class=\"has-primary-color has-text-color has-link-color has-xx-large-font-size wp-elements-1c18913b4400e6671274eb1b3ee2ec46\"><strong>WESPRZYJ NAS<\/strong><\/p>\n\n\n\n<p>Poniewa\u017c dzia\u0142amy jako stowarzyszenie, pozyskujemy \u015brodki na nasz\u0105 dzia\u0142alno\u015b\u0107 z r\u00f3\u017cnych \u017ar\u00f3de\u0142. Jednym z nich s\u0105 ca\u0142oroczne darowizny. Prosimy  wsparcie wp\u0142at\u0105 na nasze konto bankowe w Santander Bank numer <\/p>\n\n\n\n<p><strong>77 1090 1535 0000 0000 5301 9231<\/strong><br>z dopiskiem w polu tytu\u0142 wp\u0142aty: Darowizna na cele kultury i ochrony dziedzictwa narodowego KRS 0000016701<\/p>\n\n\n\n<p>Odbiorca: Orkiestra D\u0119ta Zastal, ul. Sulechowska 4a, 65-119 Zielona G\u00f3ra<br><br>Za wszelk\u0105 pomoc &#8211; serdecznie dzi\u0119kujemy.<\/p>\n<\/div>\n","protected":false},"excerpt":{"rendered":"<p>Jeste\u015bmy najstarsz\u0105, stale dzia\u0142aj\u0105c\u0105 orkiestr\u0105 d\u0119t\u0105 w powojennej historii Zielonej G\u00f3ry. Obecnie zesp\u00f3\u0142 liczy prawie 40 os\u00f3b w r\u00f3\u017cnym wieku. Przewa\u017ca \u201em\u0142odzie\u017c starsza\u201d, zwykle s\u0105 to osoby w wieku 30 \u2013 70 lat (ale s\u0105 tak\u017ce nastolatkowie i seniorzy), kt\u00f3rych jednoczy wsp\u00f3lna pasja do grania. Jeste\u015bmy osobami r\u00f3\u017cnych zawod\u00f3w i skupiamy muzyk\u00f3w nie tylko z [&hellip;]<\/p>\n","protected":false},"author":1,"featured_media":0,"parent":0,"menu_order":0,"comment_status":"closed","ping_status":"closed","template":"","meta":{"footnotes":""},"class_list":["post-346","page","type-page","status-publish","hentry"],"_links":{"self":[{"href":"https:\/\/odzastal.zgora.pl\/index.php?rest_route=\/wp\/v2\/pages\/346","targetHints":{"allow":["GET"]}}],"collection":[{"href":"https:\/\/odzastal.zgora.pl\/index.php?rest_route=\/wp\/v2\/pages"}],"about":[{"href":"https:\/\/odzastal.zgora.pl\/index.php?rest_route=\/wp\/v2\/types\/page"}],"author":[{"embeddable":true,"href":"https:\/\/odzastal.zgora.pl\/index.php?rest_route=\/wp\/v2\/users\/1"}],"replies":[{"embeddable":true,"href":"https:\/\/odzastal.zgora.pl\/index.php?rest_route=%2Fwp%2Fv2%2Fcomments&post=346"}],"version-history":[{"count":46,"href":"https:\/\/odzastal.zgora.pl\/index.php?rest_route=\/wp\/v2\/pages\/346\/revisions"}],"predecessor-version":[{"id":1153,"href":"https:\/\/odzastal.zgora.pl\/index.php?rest_route=\/wp\/v2\/pages\/346\/revisions\/1153"}],"wp:attachment":[{"href":"https:\/\/odzastal.zgora.pl\/index.php?rest_route=%2Fwp%2Fv2%2Fmedia&parent=346"}],"curies":[{"name":"wp","href":"https:\/\/api.w.org\/{rel}","templated":true}]}}